{"id":271,"date":"2015-10-13T07:08:23","date_gmt":"2015-10-13T07:08:23","guid":{"rendered":"http:\/\/clapat.ro\/themes\/nerduck-wordpress\/?page_id=271"},"modified":"2025-05-28T16:07:23","modified_gmt":"2025-05-28T16:07:23","slug":"servicos","status":"publish","type":"page","link":"https:\/\/aquelagencia.pt\/en\/servicos\/","title":{"rendered":"Services"},"content":{"rendered":"<section class=\"vc_section wpb_animate_when_almost_visible wpb_slideInDown slideInDown\"><div class=\"vc_row wpb_row vc_row-fluid wpb_animate_when_almost_visible wpb_slideInUp slideInUp\"><div class=\"wpb_animate_when_almost_visible wpb_slideInDown slideInDown wpb_column vc_column_container vc_col-sm-12\"><div class=\"vc_column-inner\"><div class=\"wpb_wrapper\"><h3>Graphic Design<\/h3><div class=\"vc_row wpb_row vc_inner vc_row-fluid\"><div class=\"wpb_column vc_column_container vc_col-sm-3\"><div class=\"vc_column-inner\"><div class=\"wpb_wrapper\"><div class=\"services-icon\"><i class=\"\"><\/i><div class=\"service-info-text\"><h5>Visual Identity<\/h5><p>Creation of logos and corresponding visual identity guidelines, including all visual materials necessary for building a brand.<\/p><\/div><\/div><\/div><\/div><\/div><div class=\"wpb_column vc_column_container vc_col-sm-3\"><div class=\"vc_column-inner\"><div class=\"wpb_wrapper\"><div class=\"services-icon\"><i class=\"\"><\/i><div class=\"service-info-text\"><h5>Editorial Design<\/h5><p>Creation of layouts for magazines, newspapers, books, brochures, eBooks, text and image editing for print publications.<\/p><\/div><\/div><\/div><\/div><\/div><div class=\"wpb_column vc_column_container vc_col-sm-3\"><div class=\"vc_column-inner\"><div class=\"wpb_wrapper\"><div class=\"services-icon\"><i class=\"\"><\/i><div class=\"service-info-text\"><h5>Packaging Design<\/h5><p>Development of packaging for products, considering aesthetics, functionality, visual appeal, and clear information for consumers.<\/p><\/div><\/div><\/div><\/div><\/div><div class=\"wpb_column vc_column_container vc_col-sm-3\"><div class=\"vc_column-inner\"><div class=\"wpb_wrapper\"><div class=\"services-icon\"><i class=\"\"><\/i><div class=\"service-info-text\"><h5>Promotional Materials<\/h5><p>Development of advertising materials, banners, billboards, flyers, posters, and other promotional materials.<\/p><\/div><\/div><\/div><\/div><\/div><\/div><\/div><\/div><\/div><\/div><div class=\"vc_row wpb_row vc_row-fluid\"><div class=\"wpb_column vc_column_container vc_col-sm-12\"><div class=\"vc_column-inner\"><div class=\"wpb_wrapper\"><div class=\"vc_empty_space\"   style=\"height: 152px\"><span class=\"vc_empty_space_inner\"><\/span><\/div><\/div><\/div><\/div><\/div><div class=\"vc_row wpb_row vc_row-fluid wpb_animate_when_almost_visible wpb_slideInUp slideInUp\"><div class=\"wpb_animate_when_almost_visible wpb_slideInDown slideInDown wpb_column vc_column_container vc_col-sm-12\"><div class=\"vc_column-inner\"><div class=\"wpb_wrapper\"><h3>Digital Marketing<\/h3><div class=\"vc_row wpb_row vc_inner vc_row-fluid\"><div class=\"wpb_column vc_column_container vc_col-sm-3\"><div class=\"vc_column-inner\"><div class=\"wpb_wrapper\"><div class=\"services-icon\"><i class=\"\"><\/i><div class=\"service-info-text\"><h5>Social media<\/h5><p>Strategy, management, and planning of social media, including the development of complete content, both written and visual.<\/p><\/div><\/div><\/div><\/div><\/div><div class=\"wpb_column vc_column_container vc_col-sm-3\"><div class=\"vc_column-inner\"><div class=\"wpb_wrapper\"><div class=\"services-icon\"><i class=\"\"><\/i><div class=\"service-info-text\"><h5>Meta Ads<\/h5><p>Strategy, creation, and management of ad campaigns on Facebook and Instagram.<\/p><\/div><\/div><\/div><\/div><\/div><div class=\"wpb_column vc_column_container vc_col-sm-3\"><div class=\"vc_column-inner\"><div class=\"wpb_wrapper\"><div class=\"services-icon\"><i class=\"\"><\/i><div class=\"service-info-text\"><h5>Google Ads<\/h5><p>Strategy, creation, and management of ad campaigns on Google.<\/p><\/div><\/div><\/div><\/div><\/div><div class=\"wpb_column vc_column_container vc_col-sm-3\"><div class=\"vc_column-inner\"><div class=\"wpb_wrapper\"><div class=\"services-icon\"><i class=\"\"><\/i><div class=\"service-info-text\"><h5>Email Marketing<\/h5><p>Using email as a communication tool to nurture leads, promote content, and convert customers.<\/p><\/div><\/div><\/div><\/div><\/div><\/div><\/div><\/div><\/div><\/div><div class=\"vc_row wpb_row vc_row-fluid\"><div class=\"wpb_column vc_column_container vc_col-sm-12\"><div class=\"vc_column-inner\"><div class=\"wpb_wrapper\"><div class=\"vc_empty_space\"   style=\"height: 152px\"><span class=\"vc_empty_space_inner\"><\/span><\/div><\/div><\/div><\/div><\/div><div class=\"vc_row wpb_row vc_row-fluid wpb_animate_when_almost_visible wpb_slideInUp slideInUp\"><div class=\"wpb_animate_when_almost_visible wpb_slideInDown slideInDown wpb_column vc_column_container vc_col-sm-12\"><div class=\"vc_column-inner\"><div class=\"wpb_wrapper\"><h3>Web Design<\/h3><div class=\"vc_row wpb_row vc_inner vc_row-fluid\"><div class=\"wpb_column vc_column_container vc_col-sm-3\"><div class=\"vc_column-inner\"><div class=\"wpb_wrapper\"><div class=\"services-icon\"><i class=\"\"><\/i><div class=\"service-info-text\"><h5>Corporate Websites<\/h5><p>Development of corporate websites, from the simplest to the most complex.<\/p><\/div><\/div><\/div><\/div><\/div><div class=\"wpb_column vc_column_container vc_col-sm-3\"><div class=\"vc_column-inner\"><div class=\"wpb_wrapper\"><div class=\"services-icon\"><i class=\"\"><\/i><div class=\"service-info-text\"><h5>E-commerce<\/h5><p>Development and maintenance of online stores, with integrations.<\/p><\/div><\/div><\/div><\/div><\/div><div class=\"wpb_column vc_column_container vc_col-sm-3\"><div class=\"vc_column-inner\"><div class=\"wpb_wrapper\"><div class=\"services-icon\"><i class=\"\"><\/i><div class=\"service-info-text\"><h5>SEO<\/h5><p>SEO Optimization (Search Engine Optimization).<\/p><\/div><\/div><\/div><\/div><\/div><div class=\"wpb_column vc_column_container vc_col-sm-3\"><div class=\"vc_column-inner\"><div class=\"wpb_wrapper\"><div class=\"services-icon\"><i class=\"\"><\/i><div class=\"service-info-text\"><h5>Programming<\/h5><p>Custom website or digital application development.<\/p><\/div><\/div><\/div><\/div><\/div><\/div><\/div><\/div><\/div><\/div><div class=\"vc_row wpb_row vc_row-fluid\"><div class=\"wpb_column vc_column_container vc_col-sm-12\"><div class=\"vc_column-inner\"><div class=\"wpb_wrapper\"><div class=\"vc_empty_space\"   style=\"height: 152px\"><span class=\"vc_empty_space_inner\"><\/span><\/div><\/div><\/div><\/div><\/div><div class=\"vc_row wpb_row vc_row-fluid wpb_animate_when_almost_visible wpb_slideInUp slideInUp\"><div class=\"wpb_animate_when_almost_visible wpb_slideInDown slideInDown wpb_column vc_column_container vc_col-sm-12\"><div class=\"vc_column-inner\"><div class=\"wpb_wrapper\"><h3>Photography and Video<\/h3><div class=\"vc_row wpb_row vc_inner vc_row-fluid\"><div class=\"wpb_column vc_column_container vc_col-sm-3\"><div class=\"vc_column-inner\"><div class=\"wpb_wrapper\"><div class=\"services-icon\"><i class=\"\"><\/i><div class=\"service-info-text\"><h5>Institutional<\/h5><p>Image capture for institutional use, capturing the essence and identity of a brand, conveying its culture, values, and professionalism.<\/p><\/div><\/div><\/div><\/div><\/div><div class=\"wpb_column vc_column_container vc_col-sm-3\"><div class=\"vc_column-inner\"><div class=\"wpb_wrapper\"><div class=\"services-icon\"><i class=\"\"><\/i><div class=\"service-info-text\"><h5>Product<\/h5><p>Product-focused photography and video, for print or digital use.<\/p><\/div><\/div><\/div><\/div><\/div><div class=\"wpb_column vc_column_container vc_col-sm-3\"><div class=\"vc_column-inner\"><div class=\"wpb_wrapper\"><div class=\"services-icon\"><i class=\"\"><\/i><div class=\"service-info-text\"><h5>Social media<\/h5><p>Image capture for specific content for social media.<\/p><\/div><\/div><\/div><\/div><\/div><div class=\"wpb_column vc_column_container vc_col-sm-3\"><div class=\"vc_column-inner\"><div class=\"wpb_wrapper\"><div class=\"services-icon\"><i class=\"\"><\/i><div class=\"service-info-text\"><h5>Events<\/h5><p>Coverage of corporate or leisure events.<\/p><\/div><\/div><\/div><\/div><\/div><\/div><\/div><\/div><\/div><\/div><div class=\"vc_row wpb_row vc_row-fluid\"><div class=\"wpb_column vc_column_container vc_col-sm-12\"><div class=\"vc_column-inner\"><div class=\"wpb_wrapper\"><div class=\"vc_empty_space\"   style=\"height: 152px\"><span class=\"vc_empty_space_inner\"><\/span><\/div><\/div><\/div><\/div><\/div><div class=\"vc_row wpb_row vc_row-fluid wpb_animate_when_almost_visible wpb_slideInUp slideInUp\"><div class=\"wpb_animate_when_almost_visible wpb_slideInDown slideInDown wpb_column vc_column_container vc_col-sm-12\"><div class=\"vc_column-inner\"><div class=\"wpb_wrapper\"><h3>How does it work?<\/h3><div class=\"vc_empty_space\"   style=\"height: 25px\"><span class=\"vc_empty_space_inner\"><\/span><\/div><div class=\"vc_row wpb_row vc_inner vc_row-fluid\"><div class=\"wpb_column vc_column_container vc_col-sm-4\"><div class=\"vc_column-inner\"><div class=\"wpb_wrapper\"><div class=\"vc-hoverbox-wrapper  bloco-servico wpb_animate_when_almost_visible wpb_bottom-to-top bottom-to-top vc-hoverbox-shape--rounded vc-hoverbox-align--center vc-hoverbox-direction--default vc-hoverbox-width--100\"  ontouchstart=\"\">\n  <div class=\"vc-hoverbox\">\n    <div class=\"vc-hoverbox-inner\">\n      <div class=\"vc-hoverbox-block vc-hoverbox-front\" style=\"background-image: url(https:\/\/aquelagencia.pt\/wp-content\/uploads\/2025\/02\/img-servico-1.png);\">\n        <div class=\"vc-hoverbox-block-inner vc-hoverbox-front-inner\">\n            <h2 style=\"text-align:center\">Monthly Retainer<\/h2>\n        <\/div>\n      <\/div>\n      <div class=\"vc-hoverbox-block vc-hoverbox-back\" style=\"background-color: #ffffff;\">\n        <div class=\"vc-hoverbox-block-inner vc-hoverbox-back-inner\">\n            \n            <h3>Continuous and dedicated support<\/h3>\n<p>If you need recurring support, this option is for you! We reserve a fixed number of hours per month to ensure you always have a team available for your projects.<\/p>\n<p><span style=\"text-align: right;\">\u25b9 Priority scheduling<br \/>\n\u25b9 Efficient task management throughout the month<br \/>\n\u25b9 Long-term strategic planning<\/span><\/p>\n<p><strong>Ideal for agencies that want ongoing reinforcement, maintaining productivity without increasing their internal team.<\/strong><\/p>\n\n            \n        <\/div>\n      <\/div>\n    <\/div>\n  <\/div>\n<\/div><\/div><\/div><\/div><div class=\"wpb_column vc_column_container vc_col-sm-4\"><div class=\"vc_column-inner\"><div class=\"wpb_wrapper\"><div class=\"vc-hoverbox-wrapper  bloco-servico wpb_animate_when_almost_visible wpb_bottom-to-top bottom-to-top vc-hoverbox-shape--rounded vc-hoverbox-align--center vc-hoverbox-direction--default vc-hoverbox-width--100\"  ontouchstart=\"\">\n  <div class=\"vc-hoverbox\">\n    <div class=\"vc-hoverbox-inner\">\n      <div class=\"vc-hoverbox-block vc-hoverbox-front\" style=\"background-image: url(https:\/\/aquelagencia.pt\/wp-content\/uploads\/2025\/02\/img-servico-2.png);\">\n        <div class=\"vc-hoverbox-block-inner vc-hoverbox-front-inner\">\n            <h2 style=\"text-align:center\">Per Project<\/h2>\n        <\/div>\n      <\/div>\n      <div class=\"vc-hoverbox-block vc-hoverbox-back\" style=\"background-color: #ffffff;\">\n        <div class=\"vc-hoverbox-block-inner vc-hoverbox-back-inner\">\n            \n            <h3>Support when you need it<\/h3>\n<p>Do you have a client needing a service you can\u2019t deliver in-house? Or a one-off project requiring more resources?<br \/>\nIn this model, we work with you on a project basis, ensuring your client receives a high-quality service without compromising your deadlines.<\/p>\n<p><span style=\"text-align: right;\">\u25b9 <\/span>No long-term commitment<br \/>\n<span style=\"text-align: right;\">\u25b9 <\/span>Customised delivery<br \/>\n<span style=\"text-align: right;\">\u25b9 <\/span>Support throughout every phase of the project<\/p>\n<p><strong>Perfect for unexpected opportunities or peak workloads.<\/strong><\/p>\n\n            \n        <\/div>\n      <\/div>\n    <\/div>\n  <\/div>\n<\/div><\/div><\/div><\/div><div class=\"wpb_column vc_column_container vc_col-sm-4\"><div class=\"vc_column-inner\"><div class=\"wpb_wrapper\"><div class=\"vc-hoverbox-wrapper  bloco-servico wpb_animate_when_almost_visible wpb_bottom-to-top bottom-to-top vc-hoverbox-shape--rounded vc-hoverbox-align--center vc-hoverbox-direction--default vc-hoverbox-width--100\"  ontouchstart=\"\">\n  <div class=\"vc-hoverbox\">\n    <div class=\"vc-hoverbox-inner\">\n      <div class=\"vc-hoverbox-block vc-hoverbox-front\" style=\"background-image: url(https:\/\/aquelagencia.pt\/wp-content\/uploads\/2025\/02\/img-servico-3.png);\">\n        <div class=\"vc-hoverbox-block-inner vc-hoverbox-front-inner\">\n            <h2 style=\"text-align:center\">Hour Packs<\/h2>\n        <\/div>\n      <\/div>\n      <div class=\"vc-hoverbox-block vc-hoverbox-back\" style=\"background-color: #ffffff;\">\n        <div class=\"vc-hoverbox-block-inner vc-hoverbox-back-inner\">\n            \n            <h3>Total flexibility, no commitments<\/h3>\n<p>Not sure when you\u2019ll need support but want to have a resource available when necessary? With this pack, you purchase a bundle of hours in advance and use them as needed.<\/p>\n<p><span style=\"text-align: right;\">\u25b9 Use freely, valid for one year<br \/>\n\u25b9 Efficient time management depending on your projects<br \/>\n\u25b9 More cost-effective than hiring individually<\/span><\/p>\n<p><strong>A practical option for agencies wanting backup ready to jump in at any moment.<br \/>\n<\/strong><\/p>\n\n            \n        <\/div>\n      <\/div>\n    <\/div>\n  <\/div>\n<\/div><\/div><\/div><\/div><\/div><div class=\"vc_empty_space\"   style=\"height: 35px\"><span class=\"vc_empty_space_inner\"><\/span><\/div><\/div><\/div><\/div><\/div><\/section><div class=\"wpb_column vc_column_container vc_col-sm-12\"><div class=\"vc_column-inner\"><div class=\"wpb_wrapper\"><\/div><\/div><\/div><div data-vc-full-width=\"true\" data-vc-full-width-init=\"false\" class=\"vc_row wpb_row vc_row-fluid wpb_animate_when_almost_visible wpb_slideInDown slideInDown vc_custom_1748448340349 vc_row-has-fill vc_row-o-content-middle vc_row-flex\"><div class=\"wpb_column vc_column_container vc_col-sm-12\"><div class=\"vc_column-inner\"><div class=\"wpb_wrapper\"><div class=\"vc_row wpb_row vc_inner vc_row-fluid vc_row-o-equal-height vc_row-o-content-middle vc_row-flex\"><div class=\"wpb_column vc_column_container vc_col-sm-8\"><div class=\"vc_column-inner\"><div class=\"wpb_wrapper\"><h2 class=\"big-title\"><\/p>\n<h2>Are you decided?<\/h2>\n<h4>Then don\u2019t waste any more time!<br \/>\nPreenche o nosso formul\u00e1rio para entrarmos em contacto contigo.<\/h4>\n<p><\/h2><div class=\"vc_empty_space\"   style=\"height: 15px\"><span class=\"vc_empty_space_inner\"><\/span><\/div><a class=\"clapat-button\" href=\"https:\/\/tally.so\/r\/w5x8Qb\" target=\"_blank\">Formul\u00e1rio de Contacto<\/a><\/div><\/div><\/div><\/div><div class=\"vc_empty_space\"   style=\"height: 50px\"><span class=\"vc_empty_space_inner\"><\/span><\/div><\/div><\/div><\/div><\/div><div class=\"vc_row-full-width vc_clearfix\"><\/div>","protected":false},"excerpt":{"rendered":"Design Gr\u00e1ficoIdentidade VisualCria\u00e7\u00e3o de logotipos e respetivo manual de identidade visual, incluindo todos os materiais visuais necess\u00e1rios \u00e0 constru\u00e7\u00e3o de uma marca.Design EditorialCria\u00e7\u00e3o de layouts para revistas, jornais, livros, brochuras, eBooks, tratamento de texto e imagens para publica\u00e7\u00f5es impressas.Design de EmbalagensDesenvolvimento de embalagens para produtos, considerando est\u00e9tica, funcionalidade, apelo visual e informa\u00e7\u00e3o clara para os [...]","protected":false},"author":1,"featured_media":0,"parent":0,"menu_order":0,"comment_status":"closed","ping_status":"closed","template":"","meta":{"_monsterinsights_skip_tracking":false,"_monsterinsights_sitenote_active":false,"_monsterinsights_sitenote_note":"","_monsterinsights_sitenote_category":0,"_uf_show_specific_survey":0,"_uf_disable_surveys":false,"footnotes":""},"class_list":["post-271","page","type-page","status-publish","hentry"],"aioseo_notices":[],"_links":{"self":[{"href":"https:\/\/aquelagencia.pt\/en\/wp-json\/wp\/v2\/pages\/271","targetHints":{"allow":["GET"]}}],"collection":[{"href":"https:\/\/aquelagencia.pt\/en\/wp-json\/wp\/v2\/pages"}],"about":[{"href":"https:\/\/aquelagencia.pt\/en\/wp-json\/wp\/v2\/types\/page"}],"author":[{"embeddable":true,"href":"https:\/\/aquelagencia.pt\/en\/wp-json\/wp\/v2\/users\/1"}],"replies":[{"embeddable":true,"href":"https:\/\/aquelagencia.pt\/en\/wp-json\/wp\/v2\/comments?post=271"}],"version-history":[{"count":47,"href":"https:\/\/aquelagencia.pt\/en\/wp-json\/wp\/v2\/pages\/271\/revisions"}],"predecessor-version":[{"id":816,"href":"https:\/\/aquelagencia.pt\/en\/wp-json\/wp\/v2\/pages\/271\/revisions\/816"}],"wp:attachment":[{"href":"https:\/\/aquelagencia.pt\/en\/wp-json\/wp\/v2\/media?parent=271"}],"curies":[{"name":"wp","href":"https:\/\/api.w.org\/{rel}","templated":true}]}}