{"id":346,"date":"2015-10-01T16:06:59","date_gmt":"2015-10-01T16:06:59","guid":{"rendered":"http:\/\/clapat.ro\/themes\/nerduck-wordpress\/?page_id=6"},"modified":"2025-02-24T15:02:09","modified_gmt":"2025-02-24T15:02:09","slug":"home","status":"publish","type":"page","link":"https:\/\/aquelagencia.pt\/en\/","title":{"rendered":"Aquela Home"},"content":{"rendered":"<div class=\"vc_row wpb_row vc_row-fluid has-animation wpb_animate_when_almost_visible wpb_slideInUp slideInUp\"><div class=\"wpb_animate_when_almost_visible wpb_slideInDown slideInDown wpb_column vc_column_container vc_col-sm-6\"><div class=\"vc_column-inner\"><div class=\"wpb_wrapper\">\n\t<div class=\"wpb_text_column wpb_content_element\" >\n\t\t<div class=\"wpb_wrapper\">\n\t\t\t<p>Na Aquela Ag\u00eancia, ajudamos <strong>ag\u00eancias de comunica\u00e7\u00e3o, marketing e publicidade<\/strong> a expandirem os seus servi\u00e7os sem precisarem de contratar internamente. Oferecemos design gr\u00e1fico, audiovisual, copywriting e gest\u00e3o de redes sociais, sempre de forma flex\u00edvel e adaptada \u00e0s tuas necessidades.<\/p>\n<p><strong>\u25b9 Sem v\u00ednculos fixos<\/strong><br \/>\n<strong>\u25b9 Sem complica\u00e7\u00f5es<\/strong><br \/>\n<strong>\u25b9 S\u00f3 quando precisas<\/strong><\/p>\n\n\t\t<\/div>\n\t<\/div>\n<h6 class=\"title-has-line\"><strong>Somos a extens\u00e3o da tua equipa!<\/strong><\/h6><\/div><\/div><\/div><div class=\"wpb_column vc_column_container vc_col-sm-6 vc_col-has-fill\"><div class=\"vc_column-inner vc_custom_1701997674142\"><div class=\"wpb_wrapper\">\n\t<div  class=\"wpb_single_image wpb_content_element vc_align_right  wpb_animate_when_almost_visible wpb_slideInRight slideInRight  img-posi\">\n\t\t\n\t\t<figure class=\"wpb_wrapper vc_figure\">\n\t\t\t<div class=\"vc_single_image-wrapper   vc_box_border_grey\"><img loading=\"lazy\" decoding=\"async\" width=\"1024\" height=\"628\" src=\"https:\/\/aquelagencia.pt\/wp-content\/uploads\/2023\/12\/aquela-linha-1024x628.png\" class=\"vc_single_image-img attachment-large\" alt=\"\" srcset=\"https:\/\/aquelagencia.pt\/wp-content\/uploads\/2023\/12\/aquela-linha-1024x628.png 1024w, https:\/\/aquelagencia.pt\/wp-content\/uploads\/2023\/12\/aquela-linha-300x184.png 300w, https:\/\/aquelagencia.pt\/wp-content\/uploads\/2023\/12\/aquela-linha-768x471.png 768w, https:\/\/aquelagencia.pt\/wp-content\/uploads\/2023\/12\/aquela-linha-1536x942.png 1536w, https:\/\/aquelagencia.pt\/wp-content\/uploads\/2023\/12\/aquela-linha-2048x1256.png 2048w\" sizes=\"auto, (max-width: 1024px) 100vw, 1024px\" \/><\/div>\n\t\t<\/figure>\n\t<\/div>\n<\/div><\/div><\/div><\/div><section class=\"vc_section\"><\/section><section class=\"vc_section\"><\/section>","protected":false},"excerpt":{"rendered":"Na Aquela Ag\u00eancia, ajudamos ag\u00eancias de comunica\u00e7\u00e3o, marketing e publicidade a expandirem os seus servi\u00e7os sem precisarem de contratar internamente. Oferecemos design gr\u00e1fico, audiovisual, copywriting e gest\u00e3o de redes sociais, sempre de forma flex\u00edvel e adaptada \u00e0s tuas necessidades. \u25b9 Sem v\u00ednculos fixos \u25b9 Sem complica\u00e7\u00f5es \u25b9 S\u00f3 quando precisas Somos a extens\u00e3o da tua [...]","protected":false},"author":1,"featured_media":0,"parent":0,"menu_order":0,"comment_status":"closed","ping_status":"closed","template":"","meta":{"_monsterinsights_skip_tracking":false,"_monsterinsights_sitenote_active":false,"_monsterinsights_sitenote_note":"","_monsterinsights_sitenote_category":0,"_uf_show_specific_survey":0,"_uf_disable_surveys":false,"footnotes":""},"class_list":["post-346","page","type-page","status-publish","hentry"],"aioseo_notices":[],"_links":{"self":[{"href":"https:\/\/aquelagencia.pt\/en\/wp-json\/wp\/v2\/pages\/346","targetHints":{"allow":["GET"]}}],"collection":[{"href":"https:\/\/aquelagencia.pt\/en\/wp-json\/wp\/v2\/pages"}],"about":[{"href":"https:\/\/aquelagencia.pt\/en\/wp-json\/wp\/v2\/types\/page"}],"author":[{"embeddable":true,"href":"https:\/\/aquelagencia.pt\/en\/wp-json\/wp\/v2\/users\/1"}],"replies":[{"embeddable":true,"href":"https:\/\/aquelagencia.pt\/en\/wp-json\/wp\/v2\/comments?post=346"}],"version-history":[{"count":58,"href":"https:\/\/aquelagencia.pt\/en\/wp-json\/wp\/v2\/pages\/346\/revisions"}],"predecessor-version":[{"id":808,"href":"https:\/\/aquelagencia.pt\/en\/wp-json\/wp\/v2\/pages\/346\/revisions\/808"}],"wp:attachment":[{"href":"https:\/\/aquelagencia.pt\/en\/wp-json\/wp\/v2\/media?parent=346"}],"curies":[{"name":"wp","href":"https:\/\/api.w.org\/{rel}","templated":true}]}}