{"id":673,"date":"2024-02-09T18:20:04","date_gmt":"2024-02-09T18:20:04","guid":{"rendered":"https:\/\/aquelagencia.pt\/?page_id=673"},"modified":"2024-02-09T18:20:06","modified_gmt":"2024-02-09T18:20:06","slug":"termos-e-condicoes-aquela-newsletter","status":"publish","type":"page","link":"https:\/\/aquelagencia.pt\/en\/termos-e-condicoes-aquela-newsletter\/","title":{"rendered":"Termos e Condi\u00e7\u00f5es &#8211; Aquela Newsletter"},"content":{"rendered":"<p>Ao subscreveres esta newsletter concordas com as seguintes condi\u00e7\u00f5es:<\/p>\n\n\n\n<ul class=\"wp-block-list\">\n<li>Os teus dados ser\u00e3o partilhados com a plataforma de email-marketing Brevo (<a href=\"https:\/\/www.brevo.com\/pt\/legal\/termsofuse\/\" target=\"_blank\" rel=\"noopener nofollow\" title=\"\">clica aqui para ler os termos e condi\u00e7\u00f5es<\/a>).<\/li>\n\n\n\n<li>Vais receber emails com dicas e informa\u00e7\u00f5es relevantes para o teu neg\u00f3cio, dentro de \u00e1reas como marketing, comunica\u00e7\u00e3o e design.<\/li>\n\n\n\n<li>Vais receber emails promocionais, quer de descontos e ofertas quer de novos servi\u00e7os e\/ou produtos.<\/li>\n\n\n\n<li>Em todas as comunica\u00e7\u00f5es d&#8217;Aquela Ag\u00eancia vais encontrar um link no rodap\u00e9, que permitir\u00e1 cancelar a subscri\u00e7\u00e3o a qualquer hora.<\/li>\n<\/ul>","protected":false},"excerpt":{"rendered":"<p>Ao subscreveres esta newsletter concordas com as seguintes condi\u00e7\u00f5es:<\/p>","protected":false},"author":1,"featured_media":0,"parent":0,"menu_order":0,"comment_status":"closed","ping_status":"closed","template":"","meta":{"_monsterinsights_skip_tracking":false,"_monsterinsights_sitenote_active":false,"_monsterinsights_sitenote_note":"","_monsterinsights_sitenote_category":0,"_uf_show_specific_survey":0,"_uf_disable_surveys":false,"footnotes":""},"class_list":["post-673","page","type-page","status-publish","hentry"],"aioseo_notices":[],"_links":{"self":[{"href":"https:\/\/aquelagencia.pt\/en\/wp-json\/wp\/v2\/pages\/673","targetHints":{"allow":["GET"]}}],"collection":[{"href":"https:\/\/aquelagencia.pt\/en\/wp-json\/wp\/v2\/pages"}],"about":[{"href":"https:\/\/aquelagencia.pt\/en\/wp-json\/wp\/v2\/types\/page"}],"author":[{"embeddable":true,"href":"https:\/\/aquelagencia.pt\/en\/wp-json\/wp\/v2\/users\/1"}],"replies":[{"embeddable":true,"href":"https:\/\/aquelagencia.pt\/en\/wp-json\/wp\/v2\/comments?post=673"}],"version-history":[{"count":1,"href":"https:\/\/aquelagencia.pt\/en\/wp-json\/wp\/v2\/pages\/673\/revisions"}],"predecessor-version":[{"id":674,"href":"https:\/\/aquelagencia.pt\/en\/wp-json\/wp\/v2\/pages\/673\/revisions\/674"}],"wp:attachment":[{"href":"https:\/\/aquelagencia.pt\/en\/wp-json\/wp\/v2\/media?parent=673"}],"curies":[{"name":"wp","href":"https:\/\/api.w.org\/{rel}","templated":true}]}}